{"id":8,"date":"2023-07-10T16:16:10","date_gmt":"2023-07-10T14:16:10","guid":{"rendered":"http:\/\/uniejka.pl\/index.php\/one-page-express-pro\/"},"modified":"2026-04-02T15:22:46","modified_gmt":"2026-04-02T13:22:46","slug":"one-page-express-pro","status":"publish","type":"page","link":"http:\/\/uniejka.pl\/","title":{"rendered":"Front Page"},"content":{"rendered":"<div  id=\"overlapable-2\" style=\"background-color: rgb(255, 255, 255); background-image: none;\" data-label=\"Overlapable\" data-id=\"stripped-coloured-icon-boxes\" data-category=\"overlapable\" class=\"features-coloured-icon-boxes-section\" data-overlap=\"true\" data-ovid=\"ovid-overlapable-2-281\"> <div  class=\"gridContainer\"> <div  class=\"features-coloured-icon-boxes-innerrow flexbox-list dark-text\" data-type=\"row\"> <div  class=\"features-coloured-icon-boxes-featurecol cp3cols\"> <div  class=\"features-coloured-icon-boxes-iconcontainer\" data-content-item-container=\"true\"> <i  data-cp-fa=\"true\" class=\"features-coloured-icon fa fa-bolt\"><\/i> <\/div> <h4  class=\"\">Katamaran<\/h4> <p  class=\"\">Ameryka\u0144ski komfortowy\n<br >KATAMARAN\n<br >\n<br >Ilo\u015b\u0107 miejsc: 12<\/p>  <\/div> <div  class=\"features-coloured-icon-boxes-featurecol cp3cols\"> <div  class=\"features-coloured-icon-boxes-iconcontainer\" data-content-item-container=\"true\"> <i  data-cp-fa=\"true\" class=\"features-coloured-icon fa fa-cloud\"><\/i> <\/div> <h4  class=\"\">Trasa<\/h4> <p  class=\"\">Startujemy z przystani na bulwarach nad Wart\u0105 naprzeciw Term, p\u0142yniemy wzd\u0142u\u017c Uniejowa w kierunku Jeziorska.\n<br >Rejs trwa 45 minut<\/p>  <\/div> <div  class=\"features-coloured-icon-boxes-featurecol cp3cols\"> <div  class=\"features-coloured-icon-boxes-iconcontainer\" data-content-item-container=\"true\"> <i  data-cp-fa=\"true\" class=\"features-coloured-icon fa fa-signal\"><\/i> <\/div> <h4  class=\"\">Bilety<\/h4> <p  class=\"\">Bilety w cenach:\n<br ><br >NORMALNY \u2013 50 z\u0142\n<br >ULGOWY \u2013 40 z\u0142\n<br ><br >\nBilet \u0142\u0105czony SP\u0141YW KAJAKOWY + REJS &#8211; 200 z\u0142<br ><\/p>  <\/div> <div  class=\"features-coloured-icon-boxes-featurecol cp3cols\"> <div  class=\"features-coloured-icon-boxes-iconcontainer\" data-content-item-container=\"true\"> <i  data-cp-fa=\"true\" class=\"features-coloured-icon fa fa-pie-chart\"><\/i> <\/div> <h4  class=\"\">Imprezy<\/h4> <p  class=\"\">Imprezuj na katamaranie!\n<br >Wynajmij statek na wy\u0142\u0105czno\u015b\u0107\n<br ><br >Cena za ka\u017cd\u0105 godzin\u0119: 500 z\u0142<\/p>  <\/div> <\/div> <\/div><\/div><div  id=\"content-3\" style=\"background-color: #ffffff;\" data-label=\"Content\" data-id=\"content-image-left\" data-category=\"content\" class=\"content-left-image-section\"> <div  class=\"gridContainer\"> <div  class=\"row\"> <div  class=\"content-left-image-imgcol\" data-type=\"column\"> <img  decoding=\"async\" src=\"http:\/\/uniejka.pl\/wp-content\/uploads\/2023\/07\/Depositphotos_34335579_XL-scaled.jpg\" class=\"\" alt=\"\"> <\/div> <div  class=\"content-left-image-textcol dynamic-color\" data-type=\"column\"> <h2  class=\"\">Miejsca na trasie<\/h2> <p  class=\"large_text\"> P\u0142yn\u0105c zobaczymy:\n<br >\u2013 Termy Uniejowskie\n<br >\u2013 pla\u017c\u0119 nad Wart\u0105<br >\u2013 bulwary Nadwarcia\u0144skie\n<br >\u2013 panoram\u0119 Zamku wraz z wie\u017c\u0105 widokow\u0105\n<br >\u2013 powstaj\u0105ce T\u0119\u017cnie\n<br >\u2013 stare wiatraki\n<br >\u2013 Karczm\u0119 M\u0142ynarsk\u0105<br >\u2013 wspania\u0142\u0105 natur\u0119 i przyrod\u0119<\/p>  <\/div> <\/div> <\/div> <\/div><div  id=\"content-4\" style=\"background-color: #f6f6f6;\" data-label=\"Content\" data-id=\"content-image-right\" data-category=\"content\" class=\"content-right-image-section\"> <div  class=\"gridContainer\"> <div  class=\"content-right-image-gridcol\"> <div  class=\"content-right-image-textcol dynamic-color\" data-type=\"column\"> <h2  class=\"\">Zapraszamy na rejsy<\/h2> <p  class=\"large_text\">Zobacz Uniej\u00f3w i okolice od strony rzeki Warty!\n<\/p>  <\/div> <div  class=\"content-right-image-imgcol\" data-type=\"column\"> <img  decoding=\"async\" src=\"http:\/\/uniejka.pl\/wp-content\/uploads\/2023\/07\/uniejka2.jpg\" class=\"\" alt=\"\"> <\/div> <\/div> <\/div> <\/div><div data-label=\"About\" data-id=\"about-images-right-section\" data-category=\"about\" class=\"about-images-right-section\" id=\"about-3\"  style=\"background-color: rgb(255, 255, 255);\"> <div class=\"gridContainer dynamic-color\" > <div class=\"about-images-right-innerrow dynamic-color\" > <div class=\"about-images-right-textcol\" data-type=\"column\" > <h5 class=\"\" >DWIE ATRAKCJE &#8211; JEDEN BILET \u0141\u0104CZONY !<\/h5> <h2 class=\"about-images-right-bigtitle\" >\nN O W O \u015a \u0106<br ><br >SP\u0141YW KAJAKOWY<br >plus\n<br >REJS STATKIEM<\/h2> <p class=\"\" >Sp\u0142yw kajakowy dla 2 os. na trasie Ksi\u0119\u017ce M\u0142yny &#8211; Uniej\u00f3w b\u0105d\u017a Uniej\u00f3w &#8211; Kozub\u00f3w oraz rejs widokowy dla 2 os. STATKIEM UNIEJKA po rzece Warcie.<br ><br >Bilet \u0142\u0105czony w cenie 200 z\u0142<\/p>  <\/div> <div class=\"about-images-right-imgcol\" ><img decoding=\"async\" class=\"about-images-right-topimg\" src=\"http:\/\/uniejka.pl\/wp-content\/uploads\/2026\/04\/cc.png\"  alt=\"\"><img decoding=\"async\" class=\"about-images-right-rightimg\" src=\"http:\/\/uniejka.pl\/wp-content\/uploads\/2023\/07\/uniejka2.jpg\"  alt=\"\"><img decoding=\"async\" class=\"about-images-right-leftimg\" src=\"http:\/\/uniejka.pl\/wp-content\/uploads\/2023\/07\/pontoon-scaled.jpg\"  alt=\"\"> <\/div> <\/div> <\/div><\/div><div  data-label=\"Content\" data-id=\"content-image-left-1\" data-category=\"content\" class=\"content-left-image-section content-image-left-1\" id=\"content-1\" style=\"background-color: rgb(255, 255, 255);\"> <div  class=\"gridContainer\"> <div  class=\"row\"> <div  class=\"content-left-image-imgcol\" data-type=\"column\"> <img  decoding=\"async\" src=\"http:\/\/uniejka.pl\/wp-content\/uploads\/2023\/07\/Depositphotos_41504057_XL-scaled.jpg\" class=\"\" alt=\"\"> <\/div> <div  class=\"content-left-image-textcol dynamic-color\" data-type=\"column\"> <h2  class=\"\">Przyjd\u017a na rejs!<\/h2> <p  class=\"large_text\"> Przysta\u0144 UNIEJKA\n<br >ul. Turecka 4<br >\n99-210 Uniej\u00f3w\n<br ><br >tel.&nbsp;501 340 182<\/p>  <\/div> <\/div> <\/div> <\/div><div  id=\"cta-1\" data-label=\"Call to action\" data-id=\"cta-blue-section\" data-category=\"cta\" class=\"cta-blue-section\" style=\"background-image: none; background-color: rgb(33, 134, 196);\" data-ovid=\"ovid-cta-1-104\"> <div  class=\"gridContainer\"> <div  class=\"flexbox-list flexbox-list-align-center row\"> <div  class=\"cta-blue-textcol dynamic-color\"> <h2  class=\"cta-blue-text\">Znajd\u017a nas na <span  style=\"font-weight: 600;\">Facebooku<\/span><\/h2> <\/div> <div  class=\"cta-blue-btncol\"> <a  class=\"button big color3 dark-text\" href=\"https:\/\/www.facebook.com\/profile.php?id=100094639567016\" target=\"_self\" data-icon=\"\" rel=\"noopener\"> Facebook <\/a> <\/div> <\/div> <\/div> <\/div><div  id=\"numbers\" data-label=\"Numbers\" data-id=\"numbers-section\" data-category=\"numbers\" data-bg=\"transparent\" class=\"numbers-section\" data-parallax-depth=\"20\"> <div  class=\"gridContainer dynamic-color\"> <div  class=\"numbers-itemcol\"> <h2  class=\"numbers-numbertext\">420<\/h2> <h3  class=\"numbers-titletext\">Rejs\u00f3w rocznie<\/h3> <\/div> <div  class=\"numbers-itemcol\"> <h2  class=\"numbers-numbertext\">3680<\/h2> <h3  class=\"numbers-titletext\">Pasa\u017cer\u00f3w rocznie<\/h3> <\/div> <div  class=\"numbers-itemcol-last\"> <h2  class=\"numbers-numbertext\">100%<\/h2> <h3  class=\"numbers-titletext\">Satysfakcji<\/h3> <\/div> <\/div><\/div><div  data-label=\"Contact\" data-id=\"contact-3-section\" data-category=\"contact\" class=\"contact-3-section\" id=\"contact-2\" style=\"background-color: rgb(246, 246, 246);\"> <div  class=\"gridContainer dynamic-color\"> <div  class=\"contact-3-section-textrow\"> <div  class=\"contact-3-section-textcol\" data-type=\"column\"> <h2  class=\"\">Kontakt<\/h2> <p  class=\"\">Zapraszamy do kontaktu telefonicznego\n<br >Do zobaczenia na przystani<\/p> <\/div> <\/div> <div  class=\"contact-2columns-contentrow\"> <div  class=\"contact-3-section-formrow\"> <div  class=\"contact-3-section-formcol\" data-content-shortcode=\"one_page_express_contact_form shortcode=&quot;&amp;amp;lt;iframe src=&amp;amp;quot;https:\/\/www.google.com\/maps\/embed?pb=!1m18!1m12!1m3!1d1461.4590629863226!2d18.79187452510513!3d51.972769763258476!2m3!1f0!2f0!3f0!3m2!1i1024!2i768!4f13.1!3m3!1m2!1s0x471b051d15eb9a19%3A0x9f6f1e0b61c6646a!2sRejsy%20statkiem%20pasa%C5%BCerskim!5e0!3m2!1spl!2spl!4v1688999122891!5m2!1spl!2spl&amp;amp;quot; width=&amp;amp;quot;600&amp;amp;quot; height=&amp;amp;quot;450&amp;amp;quot; style=&amp;amp;quot;border:0;&amp;amp;quot; allowfullscreen=&amp;amp;quot;&amp;amp;quot; loading=&amp;amp;quot;lazy&amp;amp;quot; referrerpolicy=&amp;amp;quot;no-referrer-when-downgrade&amp;amp;quot;&amp;amp;gt;&amp;amp;lt;\/iframe&amp;amp;gt;&quot;\" data-editable=\"true\">[<iframe src=\"https:\/\/www.google.com\/maps\/embed?pb=!1m18!1m12!1m3!1d1461.4590629863226!2d18.79187452510513!3d51.972769763258476!2m3!1f0!2f0!3f0!3m2!1i1024!2i768!4f13.1!3m3!1m2!1s0x471b051d15eb9a19%3A0x9f6f1e0b61c6646a!2sRejsy%20statkiem%20pasa%C5%BCerskim!5e0!3m2!1spl!2spl!4v1688999122891!5m2!1spl!2spl\" width=\"600\" height=\"450\" style=\"border:0;\" allowfullscreen=\"\" loading=\"lazy\" referrerpolicy=\"no-referrer-when-downgrade\"><\/iframe>]<\/div> <\/div> <div  class=\"contact-3-section-contactcol\" data-type=\"column\"> <h5  class=\"\">Contact info<\/h5> <div  class=\"contact-map-contactcol\"> <div  class=\"contact-3-section-itemrow\"> <div  class=\"contact-3-section-iconcol\"> <i  data-cp-fa=\"true\" class=\"contact-3-font-icon-1 fa fa-map-marker\"><\/i> <\/div> <div  class=\"contact-3-section-info-text\"> <p  class=\"contact-3-section-itemtextcol\">ul. Turecka 4<br >99-210 Uniej\u00f3w&nbsp;<\/p> <\/div> <\/div> <div  class=\"contact-3-section-itemrow\"> <div  class=\"contact-3-section-iconcol\"> <i  data-cp-fa=\"true\" class=\"contact-3-font-icon-1 fa fa-phone\"><\/i> <\/div> <div  class=\"contact-3-section-info-text\"> <p  class=\"contact-2columns-itemtextcol\">501 340 182&nbsp; &nbsp; &nbsp;&nbsp;<br > <\/p> <\/div> <\/div> <div  class=\"contact-3-section-itemrow\"> <div  class=\"contact-3-section-iconcol\" data-preview-empty=\"1\">  <\/div> <div  class=\"contact-3-section-info-text\" data-preview-empty=\"1\">  <\/div> <\/div> <div  class=\"contact-3-section-itemrow\"> <div  class=\"contact-3-section-iconcol\" data-preview-empty=\"1\">  <\/div> <div  class=\"contact-3-section-info-text\" data-preview-empty=\"1\">  <\/div> <\/div> <\/div> <div  class=\"contact-3-section-map-container\" data-editable=\"true\" data-content-shortcode=\"one_page_express_maps\"><\/div> <\/div> <\/div> <\/div><\/div>","protected":false},"excerpt":{"rendered":"<p>Katamaran Ameryka\u0144ski komfortowy KATAMARAN Ilo\u015b\u0107 miejsc: 12 Trasa Startujemy z przystani na bulwarach nad Wart\u0105 naprzeciw Term, p\u0142yniemy wzd\u0142u\u017c Uniejowa w kierunku Jeziorska. Rejs trwa 45 minut Bilety Bilety w cenach: NORMALNY \u2013 50 z\u0142 ULGOWY \u2013 40 z\u0142 Bilet \u0142\u0105czony SP\u0141YW KAJAKOWY + REJS &#8211; 200 z\u0142 Imprezy Imprezuj na katamaranie! Wynajmij statek na&hellip; <br \/> <a class=\"button small blue\" href=\"http:\/\/uniejka.pl\/\">Dowiedz si\u0119 wi\u0119cej<\/a><\/p>\n","protected":false},"author":2,"featured_media":0,"parent":0,"menu_order":0,"comment_status":"closed","ping_status":"closed","template":"","meta":{"footnotes":""},"class_list":["post-8","page","type-page","status-publish","hentry"],"_links":{"self":[{"href":"http:\/\/uniejka.pl\/index.php\/wp-json\/wp\/v2\/pages\/8","targetHints":{"allow":["GET"]}}],"collection":[{"href":"http:\/\/uniejka.pl\/index.php\/wp-json\/wp\/v2\/pages"}],"about":[{"href":"http:\/\/uniejka.pl\/index.php\/wp-json\/wp\/v2\/types\/page"}],"author":[{"embeddable":true,"href":"http:\/\/uniejka.pl\/index.php\/wp-json\/wp\/v2\/users\/2"}],"replies":[{"embeddable":true,"href":"http:\/\/uniejka.pl\/index.php\/wp-json\/wp\/v2\/comments?post=8"}],"version-history":[{"count":27,"href":"http:\/\/uniejka.pl\/index.php\/wp-json\/wp\/v2\/pages\/8\/revisions"}],"predecessor-version":[{"id":95,"href":"http:\/\/uniejka.pl\/index.php\/wp-json\/wp\/v2\/pages\/8\/revisions\/95"}],"wp:attachment":[{"href":"http:\/\/uniejka.pl\/index.php\/wp-json\/wp\/v2\/media?parent=8"}],"curies":[{"name":"wp","href":"https:\/\/api.w.org\/{rel}","templated":true}]}}